{"id":1896,"date":"2024-05-04T05:24:38","date_gmt":"2024-05-04T05:24:38","guid":{"rendered":"https:\/\/cagop.org\/?page_id=1896"},"modified":"2025-08-07T00:21:01","modified_gmt":"2025-08-07T00:21:01","slug":"election-education","status":"publish","type":"page","link":"https:\/\/cagop.org\/es\/election-education\/","title":{"rendered":"Election Education"},"content":{"rendered":"<div data-elementor-type=\"wp-page\" data-elementor-id=\"1896\" class=\"elementor elementor-1896\" data-elementor-post-type=\"page\">\n\t\t\t\t<div class=\"elementor-element elementor-element-1ec12a19 elementor-hidden-desktop elementor-hidden-laptop e-flex e-con-boxed e-con e-parent\" data-id=\"1ec12a19\" data-element_type=\"container\" data-e-type=\"container\" data-settings=\"{&quot;background_background&quot;:&quot;classic&quot;}\">\n\t\t\t\t\t<div class=\"e-con-inner\">\n\t\t<div class=\"elementor-element elementor-element-1cc0d691 e-con-full e-flex e-con e-child\" data-id=\"1cc0d691\" data-element_type=\"container\" data-e-type=\"container\">\n\t\t\t\t<div class=\"elementor-element elementor-element-161d3e12 elementor-widget elementor-widget-image\" data-id=\"161d3e12\" data-element_type=\"widget\" data-e-type=\"widget\" data-widget_type=\"image.default\">\n\t\t\t\t<div class=\"elementor-widget-container\">\n\t\t\t\t\t\t\t\t\t\t\t\t\t\t\t\t<a href=\"https:\/\/cagop.org\/es\/\">\n\t\t\t\t\t\t\t<img fetchpriority=\"high\" decoding=\"async\" width=\"800\" height=\"506\" src=\"https:\/\/cagop.org\/wp-content\/uploads\/2025\/08\/CRP25-main-postive-color-1024x648.png\" class=\"attachment-large size-large wp-image-19389\" alt=\"\" srcset=\"https:\/\/cagop.org\/wp-content\/uploads\/2025\/08\/CRP25-main-postive-color-1024x648.png 1024w, https:\/\/cagop.org\/wp-content\/uploads\/2025\/08\/CRP25-main-postive-color-300x190.png 300w, https:\/\/cagop.org\/wp-content\/uploads\/2025\/08\/CRP25-main-postive-color-768x486.png 768w, https:\/\/cagop.org\/wp-content\/uploads\/2025\/08\/CRP25-main-postive-color-18x12.png 18w, https:\/\/cagop.org\/wp-content\/uploads\/2025\/08\/CRP25-main-postive-color.png 1200w\" sizes=\"(max-width: 800px) 100vw, 800px\" \/>\t\t\t\t\t\t\t\t<\/a>\n\t\t\t\t\t\t\t\t\t\t\t\t\t\t\t<\/div>\n\t\t\t\t<\/div>\n\t\t\t\t<\/div>\n\t\t<div class=\"elementor-element elementor-element-44faf390 e-con-full e-flex e-con e-child\" data-id=\"44faf390\" data-element_type=\"container\" data-e-type=\"container\">\n\t\t\t\t<div class=\"elementor-element elementor-element-18631baa elementor-view-default elementor-widget elementor-widget-icon\" data-id=\"18631baa\" data-element_type=\"widget\" data-e-type=\"widget\" data-widget_type=\"icon.default\">\n\t\t\t\t<div class=\"elementor-widget-container\">\n\t\t\t\t\t\t\t<div class=\"elementor-icon-wrapper\">\n\t\t\t<a class=\"elementor-icon\" href=\"#elementor-action%3Aaction%3Dpopup%3Aopen%26settings%3DeyJpZCI6Ijg4OCIsInRvZ2dsZSI6ZmFsc2V9\">\n\t\t\t<svg aria-hidden=\"true\" class=\"e-font-icon-svg e-fas-bars\" viewbox=\"0 0 448 512\" xmlns=\"http:\/\/www.w3.org\/2000\/svg\"><path d=\"M16 132h416c8.837 0 16-7.163 16-16V76c0-8.837-7.163-16-16-16H16C7.163 60 0 67.163 0 76v40c0 8.837 7.163 16 16 16zm0 160h416c8.837 0 16-7.163 16-16v-40c0-8.837-7.163-16-16-16H16c-8.837 0-16 7.163-16 16v40c0 8.837 7.163 16 16 16zm0 160h416c8.837 0 16-7.163 16-16v-40c0-8.837-7.163-16-16-16H16c-8.837 0-16 7.163-16 16v40c0 8.837 7.163 16 16 16z\"><\/path><\/svg>\t\t\t<\/a>\n\t\t<\/div>\n\t\t\t\t\t\t<\/div>\n\t\t\t\t<\/div>\n\t\t\t\t<\/div>\n\t\t<div class=\"elementor-element elementor-element-391d8add elementor-hidden-mobile elementor-hidden-tablet e-flex e-con-boxed e-con e-child\" data-id=\"391d8add\" data-element_type=\"container\" data-e-type=\"container\">\n\t\t\t\t\t<div class=\"e-con-inner\">\n\t\t\t\t<div class=\"elementor-element elementor-element-734aaae2 elementor-mobile-align-left elementor-align-right elementor-widget elementor-widget-button\" data-id=\"734aaae2\" data-element_type=\"widget\" data-e-type=\"widget\" data-widget_type=\"button.default\">\n\t\t\t\t<div class=\"elementor-widget-container\">\n\t\t\t\t\t\t\t\t\t<div class=\"elementor-button-wrapper\">\n\t\t\t\t\t<a class=\"elementor-button elementor-button-link elementor-size-sm elementor-animation-float\" href=\"#\">\n\t\t\t\t\t\t<span class=\"elementor-button-content-wrapper\">\n\t\t\t\t\t\t\t\t\t<span class=\"elementor-button-text\">Iniciar Sesi\u00f3n<\/span>\n\t\t\t\t\t<\/span>\n\t\t\t\t\t<\/a>\n\t\t\t\t<\/div>\n\t\t\t\t\t\t\t\t<\/div>\n\t\t\t\t<\/div>\n\t\t\t\t<div class=\"elementor-element elementor-element-69299bc6 elementor-align-right elementor-widget elementor-widget-button\" data-id=\"69299bc6\" data-element_type=\"widget\" data-e-type=\"widget\" data-widget_type=\"button.default\">\n\t\t\t\t<div class=\"elementor-widget-container\">\n\t\t\t\t\t\t\t\t\t<div class=\"elementor-button-wrapper\">\n\t\t\t\t\t<a class=\"elementor-button elementor-button-link elementor-size-sm elementor-animation-float\" href=\"#\">\n\t\t\t\t\t\t<span class=\"elementor-button-content-wrapper\">\n\t\t\t\t\t\t\t\t\t<span class=\"elementor-button-text\">CONTRIBUYE<\/span>\n\t\t\t\t\t<\/span>\n\t\t\t\t\t<\/a>\n\t\t\t\t<\/div>\n\t\t\t\t\t\t\t\t<\/div>\n\t\t\t\t<\/div>\n\t\t\t\t\t<\/div>\n\t\t\t\t<\/div>\n\t\t\t\t\t<\/div>\n\t\t\t\t<\/div>\n\t\t<div class=\"elementor-element elementor-element-6b5f42b5 e-flex e-con-boxed e-con e-parent\" data-id=\"6b5f42b5\" data-element_type=\"container\" data-e-type=\"container\" data-settings=\"{&quot;background_background&quot;:&quot;classic&quot;}\">\n\t\t\t\t\t<div class=\"e-con-inner\">\n\t\t<div class=\"elementor-element elementor-element-662ece88 e-flex e-con-boxed e-con e-child\" data-id=\"662ece88\" data-element_type=\"container\" data-e-type=\"container\">\n\t\t\t\t\t<div class=\"e-con-inner\">\n\t\t\t\t<div class=\"elementor-element elementor-element-a1dc345 animated-slow elementor-invisible elementor-widget elementor-widget-heading\" data-id=\"a1dc345\" data-element_type=\"widget\" data-e-type=\"widget\" data-settings=\"{&quot;_animation_delay&quot;:200,&quot;_animation&quot;:&quot;slideInUp&quot;}\" data-widget_type=\"heading.default\">\n\t\t\t\t<div class=\"elementor-widget-container\">\n\t\t\t\t\t<h2 class=\"elementor-heading-title elementor-size-default\">EDUCACI\u00d3N ELECTORAL<\/h2>\t\t\t\t<\/div>\n\t\t\t\t<\/div>\n\t\t\t\t\t<\/div>\n\t\t\t\t<\/div>\n\t\t\t\t\t<\/div>\n\t\t\t\t<\/div>\n\t\t<div class=\"elementor-element elementor-element-1067d4a7 e-flex e-con-boxed e-con e-parent\" data-id=\"1067d4a7\" data-element_type=\"container\" data-e-type=\"container\">\n\t\t\t\t\t<div class=\"e-con-inner\">\n\t\t\t\t<div class=\"elementor-element elementor-element-f1754a7 elementor-widget elementor-widget-heading\" data-id=\"f1754a7\" data-element_type=\"widget\" data-e-type=\"widget\" data-widget_type=\"heading.default\">\n\t\t\t\t<div class=\"elementor-widget-container\">\n\t\t\t\t\t<h2 class=\"elementor-heading-title elementor-size-default\">RECURSOS ELECTORALES<\/h2>\t\t\t\t<\/div>\n\t\t\t\t<\/div>\n\t\t\t\t<div class=\"elementor-element elementor-element-6b0801dc elementor-widget elementor-widget-text-editor\" data-id=\"6b0801dc\" data-element_type=\"widget\" data-e-type=\"widget\" data-widget_type=\"text-editor.default\">\n\t\t\t\t<div class=\"elementor-widget-container\">\n\t\t\t\t\t\t\t\t\t<p data-aura-rendered-by=\"64:2;a\">El 27 de septiembre de 2021, el gobernador Gavin Newsom firm\u00f3 la ley AB 37, que establece que todos los californianos que est\u00e1n registrados para votar recibir\u00e1n una boleta de voto por correo. Cualquier votante registrado puede votar usando una boleta de voto por correo en lugar de ir a las urnas el d\u00eda de la elecci\u00f3n, pero tambi\u00e9n tiene la opci\u00f3n de votar en persona o entregar su boleta en los lugares de votaci\u00f3n o en las urnas de entrega de boletas.\u00a0\u00a0<\/p><p data-aura-rendered-by=\"64:2;a\"><strong>M\u00c9TODOS DE VOTACI\u00d3N<\/strong>\u00a0<\/p><ol data-aura-rendered-by=\"64:2;a\"><li>El votante puede enviar su boleta por correo al funcionario electoral del condado.\u00a0\u00a0\u00a0<\/li><li class=\"ql-indent-1\">Las boletas de voto por correo que se env\u00edan deben tener un matasellos del d\u00eda de la elecci\u00f3n o antes y deben ser recibidas por la oficina electoral de su condado a m\u00e1s tardar siete d\u00edas despu\u00e9s del d\u00eda de la elecci\u00f3n (SB 152 Elecciones, Secci\u00f3n 1605 (D)).\u00a0<\/li><li class=\"ql-indent-1\">Si no est\u00e1s seguro de que tu boleta de voto por correo llegar\u00e1 a tiempo si la env\u00edas por correo, ll\u00e9vala a cualquier lugar de votaci\u00f3n en el estado entre las 7:00 a.m. y las 8:00 p.m. el d\u00eda de la elecci\u00f3n.\u00a0\u00a0<\/li><li>\u00a0El votante puede devolver su boleta o votar en persona en un lugar de votaci\u00f3n.\u00a0<\/li><li class=\"ql-indent-1\">Las boletas de voto por correo que se entregan en persona deben ser entregadas a m\u00e1s tardar a la hora de cierre de las urnas, que es a las 8:00 p.m. el d\u00eda de la elecci\u00f3n.\u00a0<\/li><li class=\"ql-indent-1\">El votante puede dejar su boleta en un buz\u00f3n de entrega de boletas del condado.\u00a0\u00a0<\/li><li>Las boletas de voto por correo que se entregan en persona en un lugar de entrega de boletas deben ser devueltas a m\u00e1s tardar a la hora de cierre de las urnas, que es a las 8:00 p.m. el d\u00eda de la elecci\u00f3n.\u00a0<\/li><li class=\"ql-indent-1\">El votante puede autorizar a un familiar, compa\u00f1ero de cuarto, compa\u00f1ero de trabajo, amigo o voluntario para que recoja su boleta y la devuelva de manera segura en su nombre.\u00a0<\/li><li>Cualquiera puede devolver tu boleta por ti, siempre y cuando no le paguen por cada boleta.<\/li><li class=\"ql-indent-1\">Debes completar la secci\u00f3n de autorizaci\u00f3n que se encuentra en el exterior del sobre de devoluci\u00f3n de tu boleta con el nombre de la persona a la que est\u00e1s autorizando para devolver tu boleta.\u00a0\u00a0<\/li><\/ol><p data-aura-rendered-by=\"64:2;a\">\u00a0<\/p><p data-aura-rendered-by=\"64:2;a\">Cuando el funcionario electoral del condado recibe la boleta de voto por correo del votante, la firma en el sobre de devoluci\u00f3n se comparar\u00e1 con la firma en su registro de votante para asegurarse de que coincidan. Si las firmas se consideran coincidentes, para preservar la privacidad de su boleta, esta se separar\u00e1 del sobre y luego se proceder\u00e1 a contarla.\u00a0<\/p><p data-aura-rendered-by=\"64:2;a\">Todas las boletas de voto por correo v\u00e1lidas se cuentan en cada elecci\u00f3n en California, independientemente del resultado o de lo re\u00f1ida que sea una contienda.\u00a0<\/p>\t\t\t\t\t\t\t\t<\/div>\n\t\t\t\t<\/div>\n\t\t\t\t\t<\/div>\n\t\t\t\t<\/div>\n\t\t\t\t<\/div>","protected":false},"excerpt":{"rendered":"<p>Sign In CONTRIBUTE ELECTION EDUCATION ELECTION RESOURCES On September 27, 2021, Governor Gavin Newsom signed AB 37 into law, which mandates that all Californians who are registered to vote will receive a vote-by-mail ballot. Any registered voter may vote using a vote-by-mail ballot instead of going to the polls on Election Day but have the [&hellip;]<\/p>\n","protected":false},"author":1,"featured_media":0,"parent":0,"menu_order":0,"comment_status":"closed","ping_status":"closed","template":"elementor_theme","meta":{"_acf_changed":false,"footnotes":""},"class_list":["post-1896","page","type-page","status-publish","hentry"],"acf":[],"_links":{"self":[{"href":"https:\/\/cagop.org\/es\/wp-json\/wp\/v2\/pages\/1896","targetHints":{"allow":["GET"]}}],"collection":[{"href":"https:\/\/cagop.org\/es\/wp-json\/wp\/v2\/pages"}],"about":[{"href":"https:\/\/cagop.org\/es\/wp-json\/wp\/v2\/types\/page"}],"author":[{"embeddable":true,"href":"https:\/\/cagop.org\/es\/wp-json\/wp\/v2\/users\/1"}],"replies":[{"embeddable":true,"href":"https:\/\/cagop.org\/es\/wp-json\/wp\/v2\/comments?post=1896"}],"version-history":[{"count":0,"href":"https:\/\/cagop.org\/es\/wp-json\/wp\/v2\/pages\/1896\/revisions"}],"wp:attachment":[{"href":"https:\/\/cagop.org\/es\/wp-json\/wp\/v2\/media?parent=1896"}],"curies":[{"name":"wp","href":"https:\/\/api.w.org\/{rel}","templated":true}]}}