{"id":18,"date":"2024-04-08T22:06:23","date_gmt":"2024-04-08T22:06:23","guid":{"rendered":"https:\/\/cagop.org\/?page_id=18"},"modified":"2025-08-07T23:32:37","modified_gmt":"2025-08-07T23:32:37","slug":"about","status":"publish","type":"page","link":"https:\/\/cagop.org\/es\/about\/","title":{"rendered":"About"},"content":{"rendered":"<div data-elementor-type=\"wp-page\" data-elementor-id=\"18\" class=\"elementor elementor-18\" data-elementor-post-type=\"page\">\n\t\t\t\t<div class=\"elementor-element elementor-element-375e1dd0 elementor-hidden-desktop elementor-hidden-laptop e-flex e-con-boxed e-con e-parent\" data-id=\"375e1dd0\" data-element_type=\"container\" data-e-type=\"container\" data-settings=\"{&quot;background_background&quot;:&quot;classic&quot;}\">\n\t\t\t\t\t<div class=\"e-con-inner\">\n\t\t<div class=\"elementor-element elementor-element-515e936c e-con-full e-flex e-con e-child\" data-id=\"515e936c\" data-element_type=\"container\" data-e-type=\"container\">\n\t\t\t\t<div class=\"elementor-element elementor-element-11b29e41 elementor-widget elementor-widget-image\" data-id=\"11b29e41\" data-element_type=\"widget\" data-e-type=\"widget\" data-widget_type=\"image.default\">\n\t\t\t\t<div class=\"elementor-widget-container\">\n\t\t\t\t\t\t\t\t\t\t\t\t\t\t\t\t<a href=\"https:\/\/cagop.org\/es\/\">\n\t\t\t\t\t\t\t<img fetchpriority=\"high\" decoding=\"async\" width=\"800\" height=\"506\" src=\"https:\/\/cagop.org\/wp-content\/uploads\/2025\/08\/CRP25-main-postive-color-1024x648.png\" class=\"attachment-large size-large wp-image-19389\" alt=\"\" srcset=\"https:\/\/cagop.org\/wp-content\/uploads\/2025\/08\/CRP25-main-postive-color-1024x648.png 1024w, https:\/\/cagop.org\/wp-content\/uploads\/2025\/08\/CRP25-main-postive-color-300x190.png 300w, https:\/\/cagop.org\/wp-content\/uploads\/2025\/08\/CRP25-main-postive-color-768x486.png 768w, https:\/\/cagop.org\/wp-content\/uploads\/2025\/08\/CRP25-main-postive-color-18x12.png 18w, https:\/\/cagop.org\/wp-content\/uploads\/2025\/08\/CRP25-main-postive-color.png 1200w\" sizes=\"(max-width: 800px) 100vw, 800px\" \/>\t\t\t\t\t\t\t\t<\/a>\n\t\t\t\t\t\t\t\t\t\t\t\t\t\t\t<\/div>\n\t\t\t\t<\/div>\n\t\t\t\t<\/div>\n\t\t<div class=\"elementor-element elementor-element-143c68c0 e-con-full e-flex e-con e-child\" data-id=\"143c68c0\" data-element_type=\"container\" data-e-type=\"container\">\n\t\t\t\t<div class=\"elementor-element elementor-element-445f29b9 elementor-view-default elementor-widget elementor-widget-icon\" data-id=\"445f29b9\" data-element_type=\"widget\" data-e-type=\"widget\" data-widget_type=\"icon.default\">\n\t\t\t\t<div class=\"elementor-widget-container\">\n\t\t\t\t\t\t\t<div class=\"elementor-icon-wrapper\">\n\t\t\t<a class=\"elementor-icon\" href=\"#elementor-action%3Aaction%3Dpopup%3Aopen%26settings%3DeyJpZCI6Ijg4OCIsInRvZ2dsZSI6ZmFsc2V9\">\n\t\t\t<svg aria-hidden=\"true\" class=\"e-font-icon-svg e-fas-bars\" viewbox=\"0 0 448 512\" xmlns=\"http:\/\/www.w3.org\/2000\/svg\"><path d=\"M16 132h416c8.837 0 16-7.163 16-16V76c0-8.837-7.163-16-16-16H16C7.163 60 0 67.163 0 76v40c0 8.837 7.163 16 16 16zm0 160h416c8.837 0 16-7.163 16-16v-40c0-8.837-7.163-16-16-16H16c-8.837 0-16 7.163-16 16v40c0 8.837 7.163 16 16 16zm0 160h416c8.837 0 16-7.163 16-16v-40c0-8.837-7.163-16-16-16H16c-8.837 0-16 7.163-16 16v40c0 8.837 7.163 16 16 16z\"><\/path><\/svg>\t\t\t<\/a>\n\t\t<\/div>\n\t\t\t\t\t\t<\/div>\n\t\t\t\t<\/div>\n\t\t\t\t<\/div>\n\t\t<div class=\"elementor-element elementor-element-448ce67d elementor-hidden-mobile elementor-hidden-tablet e-flex e-con-boxed e-con e-child\" data-id=\"448ce67d\" data-element_type=\"container\" data-e-type=\"container\">\n\t\t\t\t\t<div class=\"e-con-inner\">\n\t\t\t\t<div class=\"elementor-element elementor-element-13b87acc elementor-mobile-align-left elementor-align-right elementor-widget elementor-widget-button\" data-id=\"13b87acc\" data-element_type=\"widget\" data-e-type=\"widget\" data-widget_type=\"button.default\">\n\t\t\t\t<div class=\"elementor-widget-container\">\n\t\t\t\t\t\t\t\t\t<div class=\"elementor-button-wrapper\">\n\t\t\t\t\t<a class=\"elementor-button elementor-button-link elementor-size-sm elementor-animation-float\" href=\"#\">\n\t\t\t\t\t\t<span class=\"elementor-button-content-wrapper\">\n\t\t\t\t\t\t\t\t\t<span class=\"elementor-button-text\">Iniciar Sesi\u00f3n<\/span>\n\t\t\t\t\t<\/span>\n\t\t\t\t\t<\/a>\n\t\t\t\t<\/div>\n\t\t\t\t\t\t\t\t<\/div>\n\t\t\t\t<\/div>\n\t\t\t\t<div class=\"elementor-element elementor-element-47290312 elementor-align-right elementor-widget elementor-widget-button\" data-id=\"47290312\" data-element_type=\"widget\" data-e-type=\"widget\" data-widget_type=\"button.default\">\n\t\t\t\t<div class=\"elementor-widget-container\">\n\t\t\t\t\t\t\t\t\t<div class=\"elementor-button-wrapper\">\n\t\t\t\t\t<a class=\"elementor-button elementor-button-link elementor-size-sm elementor-animation-float\" href=\"#\">\n\t\t\t\t\t\t<span class=\"elementor-button-content-wrapper\">\n\t\t\t\t\t\t\t\t\t<span class=\"elementor-button-text\">CONTRIBUYE<\/span>\n\t\t\t\t\t<\/span>\n\t\t\t\t\t<\/a>\n\t\t\t\t<\/div>\n\t\t\t\t\t\t\t\t<\/div>\n\t\t\t\t<\/div>\n\t\t\t\t\t<\/div>\n\t\t\t\t<\/div>\n\t\t\t\t\t<\/div>\n\t\t\t\t<\/div>\n\t\t<div class=\"elementor-element elementor-element-558627d7 e-flex e-con-boxed e-con e-parent\" data-id=\"558627d7\" data-element_type=\"container\" data-e-type=\"container\" data-settings=\"{&quot;background_background&quot;:&quot;classic&quot;}\">\n\t\t\t\t\t<div class=\"e-con-inner\">\n\t\t<div class=\"elementor-element elementor-element-57915298 e-flex e-con-boxed e-con e-child\" data-id=\"57915298\" data-element_type=\"container\" data-e-type=\"container\">\n\t\t\t\t\t<div class=\"e-con-inner\">\n\t\t\t\t<div class=\"elementor-element elementor-element-78dbfa54 animated-slow elementor-invisible elementor-widget elementor-widget-heading\" data-id=\"78dbfa54\" data-element_type=\"widget\" data-e-type=\"widget\" data-settings=\"{&quot;_animation_delay&quot;:200,&quot;_animation&quot;:&quot;slideInUp&quot;}\" data-widget_type=\"heading.default\">\n\t\t\t\t<div class=\"elementor-widget-container\">\n\t\t\t\t\t<h2 class=\"elementor-heading-title elementor-size-default\">NUESTRA HISTORIA<\/h2>\t\t\t\t<\/div>\n\t\t\t\t<\/div>\n\t\t\t\t\t<\/div>\n\t\t\t\t<\/div>\n\t\t\t\t\t<\/div>\n\t\t\t\t<\/div>\n\t\t<div class=\"elementor-element elementor-element-1dedfb1a e-flex e-con-boxed e-con e-parent\" data-id=\"1dedfb1a\" data-element_type=\"container\" data-e-type=\"container\">\n\t\t\t\t\t<div class=\"e-con-inner\">\n\t\t<div class=\"elementor-element elementor-element-13311213 e-con-full e-flex e-con e-child\" data-id=\"13311213\" data-element_type=\"container\" data-e-type=\"container\">\n\t\t\t\t<div class=\"elementor-element elementor-element-352bfad9 animated-fast elementor-invisible elementor-widget elementor-widget-heading\" data-id=\"352bfad9\" data-element_type=\"widget\" data-e-type=\"widget\" data-settings=\"{&quot;_animation&quot;:&quot;fadeInDown&quot;,&quot;_animation_delay&quot;:100}\" data-widget_type=\"heading.default\">\n\t\t\t\t<div class=\"elementor-widget-container\">\n\t\t\t\t\t<h2 class=\"elementor-heading-title elementor-size-default\">EL PARTIDO REPUBLICANO TIENE UNA FUERTE HISTORIA EN CALIFORNIA. <\/h2>\t\t\t\t<\/div>\n\t\t\t\t<\/div>\n\t\t\t\t<div class=\"elementor-element elementor-element-3c89e846 animated-fast elementor-invisible elementor-widget elementor-widget-text-editor\" data-id=\"3c89e846\" data-element_type=\"widget\" data-e-type=\"widget\" data-settings=\"{&quot;_animation&quot;:&quot;fadeInDown&quot;,&quot;_animation_delay&quot;:100}\" data-widget_type=\"text-editor.default\">\n\t\t\t\t<div class=\"elementor-widget-container\">\n\t\t\t\t\t\t\t\t\t<div class=\"body isPageWidthFixed-true\" tabindex=\"-1\" role=\"main\" data-aura-rendered-by=\"244:2251;a\" aria-hidden=\"false\"><div class=\"siteforceDynamicLayout siteforceContentArea\" data-aura-rendered-by=\"1213:0\" data-aura-class=\"siteforceDynamicLayout siteforceContentArea\"><div data-region-name=\"content\" data-item-id=\"6568f0a2-187b-40ec-8587-42139ed8413d\" data-aura-rendered-by=\"1210:0\"><div class=\"ui-widget\" data-priority=\"\" data-item-id=\"701115b1-a64e-46c8-a868-1a0065a5a29e\" data-aura-rendered-by=\"1207:0\"><div class=\"cb-section forceCommunitySection\" data-aura-rendered-by=\"1198:0\" data-aura-class=\"forceCommunitySection\"><div class=\"cb-section_row slds-grid slds-wrap slds-large-nowrap\" data-aura-rendered-by=\"1201:0\"><div class=\"cb-section_column slds-size_12-of-12 slds-max-medium-size_12-of-12\" data-aura-rendered-by=\"1203:0\"><div data-region-name=\"1\" data-item-id=\"769337d4-5c32-4f3f-a771-a6d3177d752b\" data-aura-rendered-by=\"1195:0\"><div class=\"ui-widget\" data-priority=\"\" data-item-id=\"9a3aac81-b01b-41f8-81ba-c3c36e3b81c6\" data-aura-rendered-by=\"1192:0\"><div class=\"js-tabset uiTabset--base uiTabset--default uiTabset forceCommunityTabset\" data-aura-rendered-by=\"3:2819;a\" data-aura-class=\"uiTabset--base uiTabset--default uiTabset forceCommunityTabset\"><section id=\"1299:0\" class=\"1 js-tab tabs__content active uiTab\" role=\"tabpanel\" aria-expanded=\"true\" data-aura-rendered-by=\"1301:0\" data-aura-class=\"uiTab\"><div data-region-name=\"1\" data-item-id=\"be50f4ef-766e-48ba-8074-2c7e6b184364\" data-aura-rendered-by=\"1173:0\"><div class=\"ui-widget\" data-priority=\"\" data-item-id=\"d066cfa7-e90d-47f3-8aea-af00f9592320\" data-aura-rendered-by=\"1170:0\"><div class=\"forceCommunityRichText forceCommunityRichTextInline\" data-aura-rendered-by=\"1161:0\" data-aura-class=\"forceCommunityRichText forceCommunityRichTextInline\"><div class=\"uiOutputRichText\" dir=\"ltr\" data-aura-rendered-by=\"1165:0\" data-aura-class=\"uiOutputRichText\"><p data-aura-rendered-by=\"1166:0\">El Partido Republicano naci\u00f3 a principios de la d\u00e9cada de los 1850 de la mano de activistas antiesclavistas y personas que cre\u00edan que el gobierno deb\u00eda conceder tierras del oeste (como California) a los colonos de forma gratuita. El nombre Republicano fue elegido para aludir a la oposici\u00f3n del partido a la esclavitud humana y a la tiran\u00eda gubernamental, as\u00ed como para recordar al Partido Dem\u00f3crata-Republicano de Thomas Jefferson.<\/p><p data-aura-rendered-by=\"1166:0\">En 1856, los Republicanos se convirtieron en un partido politico cuando nominaron a John C. Fremont, uno de los senadores estadounidenses  originales de California, como su candidato para Presidente. Cuatro a\u00f1os m\u00e1s tarde, los Republicanos exitosamente eligieron a su candidato, Abraham Lincoln, para Presidente.<\/p><p data-aura-rendered-by=\"1166:0\">Durante su Presidencia, los Estados Unidos se vio destruida por la guerra Civil. Lincoln, fiel al activismo antiesclavista del partido y en contra del consejo de su gabinete, firm\u00f3 la Proclamaci\u00f3n de Emancipaci\u00f3n, que liber\u00f3 a los esclavos. Los Republicanos de su \u00e9poca trabajaron para aprobar la Decimotercera Enmienda, que prohibi\u00f3 la esclavitud; la Decimocuarta Enmienda, la cual garantiz\u00f3 la igualdad de protecci\u00f3n ante las leyes; y la Decimoquinta Enmienda, que ayud\u00f3 a garantizar el derecho al voto para los afroamericanos. Esa relaci\u00f3n hist\u00f3rica es la raz\u00f3n por la cual los primeros congresistas afroamericanos fueron Republicanos.<\/p><p data-aura-rendered-by=\"1166:0\">Lincoln tambi\u00e9n fue instrumental para moldear la historia de California. Como un apasionado partidario del Ferrocarril Transcontinental, firm\u00f3 leyes que apoyaban la construcci\u00f3n de la l\u00ednea ferroviaria para as\u00ed unir m\u00e1s a la naci\u00f3n, as\u00ed impulsando el desarroll\u00f3 econ\u00f3mico en el Oeste del pa\u00eds y as\u00ed proporcion\u00e1ndoles a los primeros colonos una v\u00eda segura para llegar al Estado.<\/p><p data-aura-rendered-by=\"1166:0\">En 1878, el senador A. A. Sargeant, un Republicano de California, Introdujo el lenguaje que se convertir\u00eda en la Decimonovena Enmienda a la Constituci\u00f3n, la cual permitir\u00eda a las mujeres votar. A\u00f1os despu\u00e9s cuando finalmente se a\u00f1adi\u00f3 la Decimonovena Enmienda a la Constituci\u00f3n, 26 de las 36 legislaturas estatales que votaron a favor de la Enmienda estaban bajo control Republicano. La primera mujer elegida para el Congreso fue Republicana, Jeanette Rankin, Montana en 1917.<\/p><p data-aura-rendered-by=\"1166:0\">Durante la mayor parte de finales del siglo 19 y principios del siglo 20, los presidentes fueron republicanos. Entre 1952 y 2008, la Casa Blanca estuvo en manos republicanas durante el gobierno de Dwight D. Eisenhower, Richard Nixon, Gerald Ford, Ronald Reagan, George H.W. Bush y George W. Bush. Bush, Estados Unidos gan\u00f3 la Guerra Fr\u00eda y liber\u00f3 a millones de personas de la opresi\u00f3n comunista, con un aut\u00e9ntico esp\u00edritu Republicano anti-gran gobierno.<\/p><p data-aura-rendered-by=\"1166:0\">El Partido Republicano tiene una historia muy fuerte en California, y muchos de sus gobernadores m\u00e1s destacados han sido miembros del partido, entre ellos Leland Stanford (empresario, senador estadounidense y fundador de la Universidad de Stanford); Hiram Johnson (senador estadounidense y reformador pol\u00edtico); Earl Warren (14.\u00ba presidente de la Corte Suprema); y Ronald Reagan (presidente de los Estados Unidos).<\/p><p data-aura-rendered-by=\"1166:0\">Otros presidentes estadounidenses que han llamado hogar a California son Herbert Hoover y Richard Nixon.<\/p><\/div><div class=\"clear\" data-aura-rendered-by=\"1167:0\">\u00a0<\/div><\/div><\/div><\/div><\/section><\/div><\/div><\/div><\/div><\/div><\/div><\/div><\/div><\/div><\/div><div class=\"footer\" data-aura-rendered-by=\"246:2251;a\" aria-hidden=\"false\"><div data-region-name=\"themeFooter\" data-item-id=\"cf80e21b-822d-4484-b8bd-01647a70a6e0\" data-aura-rendered-by=\"227:2251;a\"><div class=\"ui-widget\" data-priority=\"\" data-item-id=\"89bacdfc-ebea-4886-ba07-49163bbb555f\" data-aura-rendered-by=\"224:2251;a\"><div class=\"forceCommunityRichText forceCommunityRichTextInline\" data-aura-rendered-by=\"215:2251;a\" data-aura-class=\"forceCommunityRichText forceCommunityRichTextInline\"><div class=\"uiOutputRichText\" dir=\"ltr\" data-aura-rendered-by=\"219:2251;a\" data-aura-class=\"uiOutputRichText\">\u00a0<\/div><\/div><\/div><\/div><\/div>\t\t\t\t\t\t\t\t<\/div>\n\t\t\t\t<\/div>\n\t\t\t\t<\/div>\n\t\t\t\t\t<\/div>\n\t\t\t\t<\/div>\n\t\t\t\t<\/div>","protected":false},"excerpt":{"rendered":"<p>Sign In CONTRIBUTE OUR HISTORY The Republican Party has a strong history in California. The Republican Party was born in the early 1850s by anti-slavery activists and individuals who believed that government should grant western lands \u2013 such as California \u2013 to settlers free of charge. The very name Republican was chosen to allude to [&hellip;]<\/p>\n","protected":false},"author":1,"featured_media":0,"parent":0,"menu_order":0,"comment_status":"closed","ping_status":"closed","template":"elementor_theme","meta":{"_acf_changed":false,"footnotes":""},"class_list":["post-18","page","type-page","status-publish","hentry"],"acf":[],"_links":{"self":[{"href":"https:\/\/cagop.org\/es\/wp-json\/wp\/v2\/pages\/18","targetHints":{"allow":["GET"]}}],"collection":[{"href":"https:\/\/cagop.org\/es\/wp-json\/wp\/v2\/pages"}],"about":[{"href":"https:\/\/cagop.org\/es\/wp-json\/wp\/v2\/types\/page"}],"author":[{"embeddable":true,"href":"https:\/\/cagop.org\/es\/wp-json\/wp\/v2\/users\/1"}],"replies":[{"embeddable":true,"href":"https:\/\/cagop.org\/es\/wp-json\/wp\/v2\/comments?post=18"}],"version-history":[{"count":0,"href":"https:\/\/cagop.org\/es\/wp-json\/wp\/v2\/pages\/18\/revisions"}],"wp:attachment":[{"href":"https:\/\/cagop.org\/es\/wp-json\/wp\/v2\/media?parent=18"}],"curies":[{"name":"wp","href":"https:\/\/api.w.org\/{rel}","templated":true}]}}